{"id":62,"date":"2019-05-08T09:37:25","date_gmt":"2019-05-08T09:37:25","guid":{"rendered":"https:\/\/www.demo.cosmoswp.com\/demo-3\/?page_id=36"},"modified":"2025-11-11T15:47:43","modified_gmt":"2025-11-11T14:47:43","slug":"home","status":"publish","type":"page","link":"https:\/\/www.passek-immobilien.de\/content\/","title":{"rendered":"Home"},"content":{"rendered":"\n<section id=\"section-9290ab67-1bf1-4e0f-ba25-16a8d1ffeba4\" class=\"wp-block-gutentor-image-slider gutentor-section gutentor-image-slider imageSlider-template1 text-left\"><div class=\"gutentor-grid-item-wrap\"><div class=\"gutentor-slider-wrapper\" data-dots=\"true\" data-arrows=\"true\" data-infinite=\"false\" data-nextarrow=\"fas fa-angle-right\" data-prevarrow=\"fas fa-angle-left\" data-autoplay=\"true\" data-autoplayspeed=\"2000\" data-fade=\"true\" data-speed=\"1000\"><div class=\"gutentor-slider-item\"><div class=\"gutentor-single-item gutentor-single-item-0\"><div class=\"gutentor-single-item-wrap\"><div class=\"gutentor-single-item-image-box\"><div class=\"gutentor-bg-image\"><\/div><\/div><div class=\"gutentor-single-item-content\"><div class=\"grid-container\"><div class=\"slider-caption text-left\"><\/div><\/div><\/div><\/div><\/div><\/div><div class=\"gutentor-slider-item\"><div class=\"gutentor-single-item gutentor-single-item-1\"><div class=\"gutentor-single-item-wrap\"><div class=\"gutentor-single-item-image-box\"><div class=\"gutentor-bg-image\"><\/div><\/div><div class=\"gutentor-single-item-content\"><div class=\"grid-container\"><div class=\"slider-caption text-left\"><\/div><\/div><\/div><\/div><\/div><\/div><div class=\"gutentor-slider-item\"><div class=\"gutentor-single-item gutentor-single-item-2\"><div class=\"gutentor-single-item-wrap\"><div class=\"gutentor-single-item-image-box\"><div class=\"gutentor-bg-image\"><\/div><\/div><div class=\"gutentor-single-item-content\"><div class=\"grid-container\"><div class=\"slider-caption text-left\"><\/div><\/div><\/div><\/div><\/div><\/div><div class=\"gutentor-slider-item\"><div class=\"gutentor-single-item gutentor-single-item-3\"><div class=\"gutentor-single-item-wrap\"><div class=\"gutentor-single-item-image-box\"><div class=\"gutentor-bg-image\"><\/div><\/div><div class=\"gutentor-single-item-content\"><div class=\"grid-container\"><div class=\"slider-caption text-left\"><\/div><\/div><\/div><\/div><\/div><\/div><div class=\"gutentor-slider-item\"><div class=\"gutentor-single-item gutentor-single-item-4\"><div class=\"gutentor-single-item-wrap\"><div class=\"gutentor-single-item-image-box\"><div class=\"gutentor-bg-image\"><\/div><\/div><div class=\"gutentor-single-item-content\"><div class=\"grid-container\"><div class=\"slider-caption text-left\"><\/div><\/div><\/div><\/div><\/div><\/div><div class=\"gutentor-slider-item\"><div class=\"gutentor-single-item gutentor-single-item-5\"><div class=\"gutentor-single-item-wrap\"><div class=\"gutentor-single-item-image-box\"><div class=\"gutentor-bg-image\"><\/div><\/div><div class=\"gutentor-single-item-content\"><div class=\"grid-container\"><div class=\"slider-caption text-left\"><\/div><\/div><\/div><\/div><\/div><\/div><div class=\"gutentor-slider-item\"><div class=\"gutentor-single-item gutentor-single-item-6\"><div class=\"gutentor-single-item-wrap\"><div class=\"gutentor-single-item-image-box\"><div class=\"gutentor-bg-image\"><\/div><\/div><div class=\"gutentor-single-item-content\"><div class=\"grid-container\"><div class=\"slider-caption text-left\"><\/div><\/div><\/div><\/div><\/div><\/div><div class=\"gutentor-slider-item\"><div class=\"gutentor-single-item gutentor-single-item-7\"><div class=\"gutentor-single-item-wrap\"><div class=\"gutentor-single-item-image-box\"><div class=\"gutentor-bg-image\"><\/div><\/div><div class=\"gutentor-single-item-content\"><div class=\"grid-container\"><div class=\"slider-caption text-left\"><\/div><\/div><\/div><\/div><\/div><\/div><div class=\"gutentor-slider-item\"><div class=\"gutentor-single-item gutentor-single-item-8\"><div class=\"gutentor-single-item-wrap\"><div class=\"gutentor-single-item-image-box\"><div class=\"gutentor-bg-image\"><\/div><\/div><div class=\"gutentor-single-item-content\"><div class=\"grid-container\"><div class=\"slider-caption text-left\"><\/div><\/div><\/div><\/div><\/div><\/div><div class=\"gutentor-slider-item\"><div class=\"gutentor-single-item gutentor-single-item-9\"><div class=\"gutentor-single-item-wrap\"><div class=\"gutentor-single-item-image-box\"><div class=\"gutentor-bg-image\"><\/div><\/div><div class=\"gutentor-single-item-content\"><div class=\"grid-container\"><div class=\"slider-caption text-left\"><\/div><\/div><\/div><\/div><\/div><\/div><\/div><\/div><\/section>\n\n\n\n<div id=\"section-g229634\" class=\"wp-block-gutentor-e1 section-g229634 gutentor-element gutentor-element-advanced-text wow zoomIn text-align-center-desktop text-align-center-tablet text-align-center-mobile\" data-wow-animation=\"zoomIn\"><div class=\"gutentor-text-wrap\"><h2 class=\"gutentor-text\">PASSEK IMMOBILIEN &#8211; Wenn es anders werden soll!<\/h2><\/div><\/div>\n\n\n\n<section id=\"section-19979645-00ed-492e-a827-5a5bdb8a1f0b\" class=\"wp-block-gutentor-image-box gutentor-section gutentor-image-wrapper imagebox-template1 has-color-bg has-custom-bg text-left\"><div class=\"grid-container\"><div class=\"grid-row gutentor-grid-item-wrap\"><div class=\"gutentor-grid-column grid-lg-4 grid-md-4 grid-12\"><div class=\"gutentor-single-item gutentor-image gutentor-single-item-0\"><div class=\"gutentor-single-item-wrap\"><div class=\"gutentor-single-item-image-box\"><div class=\"gutentor-image-thumb\"><img loading=\"lazy\" decoding=\"async\" class=\"normal-image\" src=\"https:\/\/www.passek-immobilien.de\/content\/wp-content\/uploads\/2020\/12\/maklerstartneu.jpg\" alt=\"\" height=\"420\" width=\"400\"\/><\/div><\/div><div class=\"gutentor-single-item-content\"><h4 class=\"gutentor-single-item-title\">MAKLER<\/h4><p class=\"gutentor-single-item-desc\"> PASSEK-IMMOBILIEN bewertet Ihre Immobile kostenlos. Wir verkaufen Ihr Objekt entsprechend den aktuellen Marktbedingungen. Nicht nur der Verkauf selbst oder die Vermittlung, sondern das Erkennen von Potential bzgl. Umbau oder Umnutzung bringen deutliche Vorteile, da Sanierungen, Umbauten oder der Neubau lange Tradition von PASSEK-IMMOBILIEN haben. Sie d\u00fcrfen mehr, als die schlichte Maklert\u00e4tigkeit erwarten. Vertrauen Sie auf 25 Jahre Erfahrung auf dem Berliner und Brandenburger Immobilienmarkt. <\/p><a class=\"gutentor-button gutentor-single-item-button gutentor-icon-before\" href=\"https:\/\/www.passek-immobilien.de\/content\/makler\/\"><i class=\"gutentor-button-icon fas fa-long-arrow-alt-right\"><\/i><span>weitere Informationen<\/span><\/a><\/div><\/div><\/div><\/div><div class=\"gutentor-grid-column grid-lg-4 grid-md-4 grid-12\"><div class=\"gutentor-single-item gutentor-image gutentor-single-item-1\"><div class=\"gutentor-single-item-wrap\"><div class=\"gutentor-single-item-image-box\"><div class=\"gutentor-image-thumb\"><img loading=\"lazy\" decoding=\"async\" class=\"normal-image\" src=\"https:\/\/www.passek-immobilien.de\/content\/wp-content\/uploads\/2020\/12\/entwurf-neu-start.jpg\" alt=\"\" height=\"420\" width=\"400\"\/><\/div><\/div><div class=\"gutentor-single-item-content\"><h4 class=\"gutentor-single-item-title\">ENTWURF \/ NEUBAU<\/h4><p class=\"gutentor-single-item-desc\">PASSEK-IMMOBILIEN hat sich auf die Beratung und den Entwurf von Wohnh\u00e4usern spezialisiert. Die Architektur, das Budget und individuellen Bed\u00fcrfnisse des Kunden stehen im Fokus. Jenseits von Katalogh\u00e4usern werden dem Kunden M\u00f6glichkeiten und Ideen pr\u00e4sentiert. Schlicht, sachlich, modern oder klassisch, wie z.B. Villen der 20er und 30er Jahre, k\u00f6nnen die Geb\u00e4ude werden. Zum Service geh\u00f6rt immer eine hochwertige 3D-Visualisierung, Grundrisspl\u00e4ne inkl. einer plausiblen M\u00f6blierung, die die Funktionalit\u00e4t des Hauses best\u00e4tigt.<\/p><a class=\"gutentor-button gutentor-single-item-button gutentor-icon-before\" href=\"https:\/\/www.passek-immobilien.de\/content\/entwurf-neubau\/\"><i class=\"gutentor-button-icon fas fa-long-arrow-alt-right\"><\/i><span>weitere Informationen<\/span><\/a><\/div><\/div><\/div><\/div><div class=\"gutentor-grid-column grid-lg-4 grid-md-4 grid-12\"><div class=\"gutentor-single-item gutentor-image gutentor-single-item-2\"><div class=\"gutentor-single-item-wrap\"><div class=\"gutentor-single-item-image-box\"><div class=\"gutentor-image-thumb\"><img loading=\"lazy\" decoding=\"async\" class=\"normal-image\" src=\"https:\/\/www.passek-immobilien.de\/content\/wp-content\/uploads\/2020\/12\/sanierung-startneu.jpg\" alt=\"\" height=\"420\" width=\"400\"\/><\/div><\/div><div class=\"gutentor-single-item-content\"><h4 class=\"gutentor-single-item-title\">SANIERUNG<\/h4><p class=\"gutentor-single-item-desc\"> PASSEK-IMMOBILIEN betreut und ber\u00e4t Sie bei geplanten Sanierungen und Umbauten. Es sind oft Objekte, die ungern \u00fcbernommen werden, weil diese vermeintlich zu teuer, zu aufwendig oder zu schwierig sind. Geeignete Wege und Mittel zu finden, die dem Kunden, dem Budget, dem Objekt und seiner Authentizit\u00e4t gerecht werden, sind das Ziel und solcher Ma\u00dfnahmen. Fragw\u00fcrdige Bauvorschriften oder \u00fcbertriebene energetische Konzepte stehen auf dem Pr\u00fcfstand. Wie fast immer im Leben, sind sinnvolle und ma\u00dfvolle Kompromisse der richtige Weg.<\/p><a class=\"gutentor-button gutentor-single-item-button gutentor-icon-before\" href=\"https:\/\/www.passek-immobilien.de\/content\/sanierung\/\"><i class=\"gutentor-button-icon fas fa-long-arrow-alt-right\"><\/i><span>weitere Informationen<\/span><\/a><\/div><\/div><\/div><\/div><\/div><\/div><\/section>\n\n\n\n<section id=\"gmf673781\" class=\"wp-block-gutentor-m4 section-gmf673781 gutentor-module gutentor-advanced-columns has-color-bg has-custom-bg\"><div class=\"grid-container\"><div class=\"grid-row\">\n<div id=\"col-gm5709fd\" class=\"wp-block-gutentor-m4-col col-gm5709fd gutentor-single-column  grid-lg-12 grid-md-12 grid-12\"><div id=\"section-gm5709fd\" class=\"section-gm5709fd gutentor-col-wrap has-color-bg has-custom-bg has-gutentor-overlay\">\n<div id=\"section-g295b0b\" class=\"wp-block-gutentor-e1 section-g295b0b gutentor-element gutentor-element-advanced-text text-align-center-desktop\"><div class=\"gutentor-text-wrap\"><h2 class=\"gutentor-text\">25 Jahre Erfahrung auf dem <br>Berliner und Brandenburger Immobilienmarkt<\/h2><\/div><\/div>\n<\/div><\/div>\n<\/div><\/div><\/section>\n\n\n\n<div id=\"section-gc0e47d\" class=\"wp-block-gutentor-e1 section-gc0e47d gutentor-element gutentor-element-advanced-text text-align-center-desktop\"><div class=\"gutentor-text-wrap\"><h2 class=\"gutentor-text\">Referenzen \/ Impressionen<br>  <br>\n\t\t<style>\n\t\t\t#wpls-logo-showcase-slider-1 .wpls-fix-box,\n\t\t\t#wpls-logo-showcase-slider-1 .wpls-fix-box img.wp-post-image{max-height:250px; }\n\t\t<\/style>\n\n\t\t<div class=\"wpls-wrap wpls-logo-showcase-slider-wrp wpls-logo-clearfix wpls-design-1 \" data-conf=\"{&quot;slides_column&quot;:4,&quot;slides_scroll&quot;:1,&quot;dots&quot;:&quot;false&quot;,&quot;arrows&quot;:&quot;true&quot;,&quot;autoplay&quot;:&quot;true&quot;,&quot;autoplay_interval&quot;:3000,&quot;loop&quot;:&quot;true&quot;,&quot;rtl&quot;:&quot;false&quot;,&quot;speed&quot;:800,&quot;center_mode&quot;:&quot;false&quot;,&quot;lazyload&quot;:&quot;&quot;}\">\n\t\t\t<div class=\"wpls-logo-showcase logo_showcase wpls-logo-slider  sliderimage_hide_border wpls-dots-false\" id=\"wpls-logo-showcase-slider-1\" >\n\t\t\t\t<div class=\"wpls-logo-cnt\">\n\t<div class=\"wpls-fix-box\">\n\t\t\t\t<a href=\"https:\/\/www.passek-immobilien.de\/content\/referenzen\/\" target=\"_self\">\n\t\t\t<img decoding=\"async\" class=\"wp-post-image\"  src=\"https:\/\/www.passek-immobilien.de\/content\/wp-content\/uploads\/2025\/10\/entwurf8.jpg\" alt=\"\" \/>\n\t\t<\/a>\n\t\t\t<\/div>\n\t<\/div><div class=\"wpls-logo-cnt\">\n\t<div class=\"wpls-fix-box\">\n\t\t\t\t<a href=\"https:\/\/www.passek-immobilien.de\/content\/referenzen\/\" target=\"_self\">\n\t\t\t<img decoding=\"async\" class=\"wp-post-image\"  src=\"https:\/\/www.passek-immobilien.de\/content\/wp-content\/uploads\/2025\/10\/entwurf4.jpg\" alt=\"\" \/>\n\t\t<\/a>\n\t\t\t<\/div>\n\t<\/div><div class=\"wpls-logo-cnt\">\n\t<div class=\"wpls-fix-box\">\n\t\t\t\t<a href=\"https:\/\/www.passek-immobilien.de\/content\/referenzen\/\" target=\"_self\">\n\t\t\t<img decoding=\"async\" class=\"wp-post-image\"  src=\"https:\/\/www.passek-immobilien.de\/content\/wp-content\/uploads\/2025\/10\/entwurf18.jpg\" alt=\"\" \/>\n\t\t<\/a>\n\t\t\t<\/div>\n\t<\/div><div class=\"wpls-logo-cnt\">\n\t<div class=\"wpls-fix-box\">\n\t\t\t\t<a href=\"https:\/\/www.passek-immobilien.de\/content\/referenzen\/\" target=\"_self\">\n\t\t\t<img decoding=\"async\" class=\"wp-post-image\"  src=\"https:\/\/www.passek-immobilien.de\/content\/wp-content\/uploads\/2025\/10\/entwurf13.jpg\" alt=\"\" \/>\n\t\t<\/a>\n\t\t\t<\/div>\n\t<\/div><div class=\"wpls-logo-cnt\">\n\t<div class=\"wpls-fix-box\">\n\t\t\t\t<a href=\"https:\/\/www.passek-immobilien.de\/content\/referenzen\/\" target=\"_self\">\n\t\t\t<img decoding=\"async\" class=\"wp-post-image\"  src=\"https:\/\/www.passek-immobilien.de\/content\/wp-content\/uploads\/2025\/10\/entwurf11.jpg\" alt=\"\" \/>\n\t\t<\/a>\n\t\t\t<\/div>\n\t<\/div><div class=\"wpls-logo-cnt\">\n\t<div class=\"wpls-fix-box\">\n\t\t\t\t<a href=\"https:\/\/www.passek-immobilien.de\/content\/referenzen\/\" target=\"_self\">\n\t\t\t<img decoding=\"async\" class=\"wp-post-image\"  src=\"https:\/\/www.passek-immobilien.de\/content\/wp-content\/uploads\/2025\/10\/entwurf6.jpg\" alt=\"\" \/>\n\t\t<\/a>\n\t\t\t<\/div>\n\t<\/div><div class=\"wpls-logo-cnt\">\n\t<div class=\"wpls-fix-box\">\n\t\t\t\t<a href=\"https:\/\/www.passek-immobilien.de\/content\/referenzen\/\" target=\"_self\">\n\t\t\t<img decoding=\"async\" class=\"wp-post-image\"  src=\"https:\/\/www.passek-immobilien.de\/content\/wp-content\/uploads\/2025\/10\/01-Kohn-hr.jpg\" alt=\"\" \/>\n\t\t<\/a>\n\t\t\t<\/div>\n\t<\/div><div class=\"wpls-logo-cnt\">\n\t<div class=\"wpls-fix-box\">\n\t\t\t\t<a href=\"https:\/\/www.passek-immobilien.de\/content\/referenzen\/\" target=\"_self\">\n\t\t\t<img decoding=\"async\" class=\"wp-post-image\"  src=\"https:\/\/www.passek-immobilien.de\/content\/wp-content\/uploads\/2025\/10\/entwurf7.jpg\" alt=\"\" \/>\n\t\t<\/a>\n\t\t\t<\/div>\n\t<\/div><div class=\"wpls-logo-cnt\">\n\t<div class=\"wpls-fix-box\">\n\t\t\t\t<a href=\"https:\/\/www.passek-immobilien.de\/content\/referenzen\/\" target=\"_self\">\n\t\t\t<img decoding=\"async\" class=\"wp-post-image\"  src=\"https:\/\/www.passek-immobilien.de\/content\/wp-content\/uploads\/2022\/05\/entwurf-neu15.jpg\" alt=\"\" \/>\n\t\t<\/a>\n\t\t\t<\/div>\n\t<\/div><div class=\"wpls-logo-cnt\">\n\t<div class=\"wpls-fix-box\">\n\t\t\t\t<a href=\"https:\/\/www.passek-immobilien.de\/content\/referenzen\/\" target=\"_self\">\n\t\t\t<img decoding=\"async\" class=\"wp-post-image\"  src=\"https:\/\/www.passek-immobilien.de\/content\/wp-content\/uploads\/2021\/01\/referenzen2.jpg\" alt=\"\" \/>\n\t\t<\/a>\n\t\t\t<\/div>\n\t<\/div><div class=\"wpls-logo-cnt\">\n\t<div class=\"wpls-fix-box\">\n\t\t\t\t<a href=\"https:\/\/www.passek-immobilien.de\/content\/referenzen\/\" target=\"_self\">\n\t\t\t<img decoding=\"async\" class=\"wp-post-image\"  src=\"https:\/\/www.passek-immobilien.de\/content\/wp-content\/uploads\/2021\/01\/referenzen1.jpg\" alt=\"\" \/>\n\t\t<\/a>\n\t\t\t<\/div>\n\t<\/div>\t\t\t<\/div>\n\t\t<\/div>\n\n\t\t<br><br>      <\/h2><\/div><\/div>\n\n\n\n<p><\/p>\n","protected":false},"excerpt":{"rendered":"","protected":false},"author":1,"featured_media":0,"parent":0,"menu_order":0,"comment_status":"closed","ping_status":"closed","template":"template-gutentor-full-width.php","meta":{"footnotes":""},"class_list":["post-62","page","type-page","status-publish","hentry"],"_links":{"self":[{"href":"https:\/\/www.passek-immobilien.de\/content\/wp-json\/wp\/v2\/pages\/62","targetHints":{"allow":["GET"]}}],"collection":[{"href":"https:\/\/www.passek-immobilien.de\/content\/wp-json\/wp\/v2\/pages"}],"about":[{"href":"https:\/\/www.passek-immobilien.de\/content\/wp-json\/wp\/v2\/types\/page"}],"author":[{"embeddable":true,"href":"https:\/\/www.passek-immobilien.de\/content\/wp-json\/wp\/v2\/users\/1"}],"replies":[{"embeddable":true,"href":"https:\/\/www.passek-immobilien.de\/content\/wp-json\/wp\/v2\/comments?post=62"}],"version-history":[{"count":76,"href":"https:\/\/www.passek-immobilien.de\/content\/wp-json\/wp\/v2\/pages\/62\/revisions"}],"predecessor-version":[{"id":745,"href":"https:\/\/www.passek-immobilien.de\/content\/wp-json\/wp\/v2\/pages\/62\/revisions\/745"}],"wp:attachment":[{"href":"https:\/\/www.passek-immobilien.de\/content\/wp-json\/wp\/v2\/media?parent=62"}],"curies":[{"name":"wp","href":"https:\/\/api.w.org\/{rel}","templated":true}]}}